{"id":1696,"date":"2012-12-15T20:51:59","date_gmt":"2012-12-15T20:51:59","guid":{"rendered":"http:\/\/touchm.weblusive.com\/?page_id=2"},"modified":"2015-10-30T23:02:51","modified_gmt":"2015-10-30T23:02:51","slug":"home","status":"publish","type":"page","link":"https:\/\/jorgefilipecosta.pt\/","title":{"rendered":"Home"},"content":{"rendered":"<div class=\"row\"><div class=\"four columns\"><div class=\"service\"><div class=\"service-icon\"><a href=\"#\"><img loading=\"lazy\" decoding=\"async\" src=\"https:\/\/jorgefilipecosta.pt\/wp-content\/themes\/touchm\/images\/icons\/service-responsive.png\" width=\"120\" height=\"60\" alt=\"\" \/><\/a><\/div><h2 class=\"service-main\">Constru\u00e7\u00e3o<\/h2><p class=\"service-sub\">Executamos todo o tipo de obras pelo pais.<br \/>\n<\/p><\/div><\/div>\n<div class=\"four columns\"><div class=\"service\"><div class=\"service-icon\"><a href=\"#\"><img loading=\"lazy\" decoding=\"async\" src=\"https:\/\/jorgefilipecosta.pt\/wp-content\/themes\/touchm\/images\/icons\/service-touch.png\" width=\"120\" height=\"60\" alt=\"\" \/><\/a><\/div><h2 class=\"service-main\">Isolamento<\/h2><p class=\"service-sub\">Porque um bom isolamento t\u00e9rmico e sonoro faz diferen\u00e7a.<\/p><\/div><\/div>\n<div class=\"four columns\"><div class=\"service\"><div class=\"service-icon\"><a href=\"#\"><img loading=\"lazy\" decoding=\"async\" src=\"https:\/\/jorgefilipecosta.pt\/wp-content\/themes\/touchm\/images\/icons\/service-customization.png\" width=\"120\" height=\"60\" alt=\"\" \/><\/a><\/div><h2 class=\"service-main\">Reabilita\u00e7\u00e3o<\/h2><p class=\"service-sub\">Tudo o que j\u00e1 existe pode ser melhorado. E n\u00f3s sabemos como faz\u00ea-lo.<\/p><\/div><\/div><\/div>\n<div class=\"row\"><div class=\"twelve columns\"><hr\/><\/div><\/div>\n\n\t<div class=\"row\">\n        <div class=\"twelve columns\">\n\t\t\t<h3>Trabalhos recentes<\/h3>\n\t\t\t<div class=\"list_carousel\">\n\t\t\t\t<div class=\"carousel_nav\">\n\t\t\t\t\t<a class=\"prev\" id=\"car_prev\" href=\"#\"><span>prev<\/span><\/a><a class=\"next\" id=\"car_next\" href=\"#\"><span>next<\/span><\/a>\n\t\t\t\t<\/div>\n\t\t\t\t<div class=\"clearfix\"><\/div>\n\t\t\t\t<ul id=\"carousel-works\">\n\t\t\t\t\t<li>\n\t\t\t\t\t\t<div class=\"work-item contentHover\">                                                            \n\t\t\t\t\t\t\t<div class=\"content\"> \n\t\t\t\t\t\t\t\t<div class=\"work-item-image\"><img loading=\"lazy\" decoding=\"async\" width=\"210\" height=\"150\" src=\"https:\/\/jorgefilipecosta.pt\/wp-content\/uploads\/2013\/01\/capoto-210x150.jpg\" class=\"cover wp-post-image\" alt=\"\" srcset=\"https:\/\/jorgefilipecosta.pt\/wp-content\/uploads\/2013\/01\/capoto-210x150.jpg 210w, https:\/\/jorgefilipecosta.pt\/wp-content\/uploads\/2013\/01\/capoto-300x213.jpg 300w, https:\/\/jorgefilipecosta.pt\/wp-content\/uploads\/2013\/01\/capoto-290x207.jpg 290w, https:\/\/jorgefilipecosta.pt\/wp-content\/uploads\/2013\/01\/capoto-450x321.jpg 450w, https:\/\/jorgefilipecosta.pt\/wp-content\/uploads\/2013\/01\/capoto.jpg 701w\" sizes=\"auto, (max-width: 210px) 100vw, 210px\" \/><\/div>\t\n\t\t\t\t\t\t\t\t<div class=\"work-item-content\"><h4><a href=\"https:\/\/jorgefilipecosta.pt\/?portfolio=cowboy-in-trouble\">Isolamento Capotto<\/a><\/h4><p>O Capotto \u00e9 um isolamento t\u00e9rmico ideal para uma casa...<\/p><\/div>            \n\t\t\t\t\t\t\t<\/div>\n\t\t\t\t\t\t\t<div class=\"hover-content\">\n\t\t\t\t\t\t\t\t<h3><a href=\"https:\/\/jorgefilipecosta.pt\/?portfolio=cowboy-in-trouble\">Isolamento Capotto<\/a><\/h3>                                    \n\t\t\t\t\t\t\t\t<p>O Capotto \u00e9 um isolamento t\u00e9rmico ideal para uma casa...<\/p>\n\t\t\t\t\t\t\t\t<div class=\"hover-links\"><a href=\"https:\/\/jorgefilipecosta.pt\/wp-content\/uploads\/2013\/01\/capoto.jpg\" class=\"titan-lb view-image\" title=\"Isolamento Capotto\"  data-titan-group=\"gallery\"><\/a><\/div><\/div><\/div><\/li>\n\t\t\t\t\t<li>\n\t\t\t\t\t\t<div class=\"work-item contentHover\">                                                            \n\t\t\t\t\t\t\t<div class=\"content\"> \n\t\t\t\t\t\t\t\t<div class=\"work-item-image\"><img loading=\"lazy\" decoding=\"async\" width=\"210\" height=\"150\" src=\"https:\/\/jorgefilipecosta.pt\/wp-content\/uploads\/2013\/01\/construcao-210x150.jpg\" class=\"cover wp-post-image\" alt=\"\" srcset=\"https:\/\/jorgefilipecosta.pt\/wp-content\/uploads\/2013\/01\/construcao-210x150.jpg 210w, https:\/\/jorgefilipecosta.pt\/wp-content\/uploads\/2013\/01\/construcao-300x213.jpg 300w, https:\/\/jorgefilipecosta.pt\/wp-content\/uploads\/2013\/01\/construcao-290x207.jpg 290w, https:\/\/jorgefilipecosta.pt\/wp-content\/uploads\/2013\/01\/construcao-450x321.jpg 450w, https:\/\/jorgefilipecosta.pt\/wp-content\/uploads\/2013\/01\/construcao.jpg 701w\" sizes=\"auto, (max-width: 210px) 100vw, 210px\" \/><\/div>\t\n\t\t\t\t\t\t\t\t<div class=\"work-item-content\"><h4><a href=\"https:\/\/jorgefilipecosta.pt\/?portfolio=construcao-coito\">Constru\u00e7\u00e3o<\/a><\/h4><p>\u00c9 a execu\u00e7\u00e3o de todas as etapas do projeto....<\/p><\/div>            \n\t\t\t\t\t\t\t<\/div>\n\t\t\t\t\t\t\t<div class=\"hover-content\">\n\t\t\t\t\t\t\t\t<h3><a href=\"https:\/\/jorgefilipecosta.pt\/?portfolio=construcao-coito\">Constru\u00e7\u00e3o<\/a><\/h3>                                    \n\t\t\t\t\t\t\t\t<p>\u00c9 a execu\u00e7\u00e3o de todas as etapas do projeto....<\/p>\n\t\t\t\t\t\t\t\t<div class=\"hover-links\"><a href=\"https:\/\/jorgefilipecosta.pt\/wp-content\/uploads\/2013\/01\/construcao.jpg\" class=\"titan-lb view-image\" title=\"Constru\u00e7\u00e3o\"  data-titan-group=\"gallery\"><\/a><\/div><\/div><\/div><\/li>\n\t\t\t\t\t<li>\n\t\t\t\t\t\t<div class=\"work-item contentHover\">                                                            \n\t\t\t\t\t\t\t<div class=\"content\"> \n\t\t\t\t\t\t\t\t<div class=\"work-item-image\"><img loading=\"lazy\" decoding=\"async\" width=\"210\" height=\"150\" src=\"https:\/\/jorgefilipecosta.pt\/wp-content\/uploads\/2013\/01\/cortefeyce-210x150.jpg\" class=\"cover wp-post-image\" alt=\"\" srcset=\"https:\/\/jorgefilipecosta.pt\/wp-content\/uploads\/2013\/01\/cortefeyce-210x150.jpg 210w, https:\/\/jorgefilipecosta.pt\/wp-content\/uploads\/2013\/01\/cortefeyce-290x207.jpg 290w, https:\/\/jorgefilipecosta.pt\/wp-content\/uploads\/2013\/01\/cortefeyce-450x321.jpg 450w\" sizes=\"auto, (max-width: 210px) 100vw, 210px\" \/><\/div>\t\n\t\t\t\t\t\t\t\t<div class=\"work-item-content\"><h4><a href=\"https:\/\/jorgefilipecosta.pt\/?portfolio=cortefeyce\">Isolamento Cortefeyce<\/a><\/h4><p>O isolamento Cortefeyce confere uma melhoria t\u00e9rmica significativa...<\/p><\/div>            \n\t\t\t\t\t\t\t<\/div>\n\t\t\t\t\t\t\t<div class=\"hover-content\">\n\t\t\t\t\t\t\t\t<h3><a href=\"https:\/\/jorgefilipecosta.pt\/?portfolio=cortefeyce\">Isolamento Cortefeyce<\/a><\/h3>                                    \n\t\t\t\t\t\t\t\t<p>O isolamento Cortefeyce confere uma melhoria t\u00e9rmica significativa...<\/p>\n\t\t\t\t\t\t\t\t<div class=\"hover-links\"><a href=\"https:\/\/jorgefilipecosta.pt\/wp-content\/uploads\/2013\/01\/cortefeyce.jpg\" class=\"titan-lb view-image\" title=\"Isolamento Cortefeyce\"  data-titan-group=\"gallery\"><\/a><\/div><\/div><\/div><\/li>\n\t\t\t\t\t<li>\n\t\t\t\t\t\t<div class=\"work-item contentHover\">                                                            \n\t\t\t\t\t\t\t<div class=\"content\"> \n\t\t\t\t\t\t\t\t<div class=\"work-item-image\"><img loading=\"lazy\" decoding=\"async\" width=\"210\" height=\"150\" src=\"https:\/\/jorgefilipecosta.pt\/wp-content\/uploads\/2013\/01\/cappoto2-210x150.jpg\" class=\"cover wp-post-image\" alt=\"\" srcset=\"https:\/\/jorgefilipecosta.pt\/wp-content\/uploads\/2013\/01\/cappoto2-210x150.jpg 210w, https:\/\/jorgefilipecosta.pt\/wp-content\/uploads\/2013\/01\/cappoto2-300x213.jpg 300w, https:\/\/jorgefilipecosta.pt\/wp-content\/uploads\/2013\/01\/cappoto2-290x207.jpg 290w, https:\/\/jorgefilipecosta.pt\/wp-content\/uploads\/2013\/01\/cappoto2-450x321.jpg 450w, https:\/\/jorgefilipecosta.pt\/wp-content\/uploads\/2013\/01\/cappoto2.jpg 701w\" sizes=\"auto, (max-width: 210px) 100vw, 210px\" \/><\/div>\t\n\t\t\t\t\t\t\t\t<div class=\"work-item-content\"><h4><a href=\"https:\/\/jorgefilipecosta.pt\/?portfolio=blue-ocean\">Isolamento cappoto<\/a><\/h4><p>Um isolamento exterior confere uma melhoria t\u00e9rmica significativa...<\/p><\/div>            \n\t\t\t\t\t\t\t<\/div>\n\t\t\t\t\t\t\t<div class=\"hover-content\">\n\t\t\t\t\t\t\t\t<h3><a href=\"https:\/\/jorgefilipecosta.pt\/?portfolio=blue-ocean\">Isolamento cappoto<\/a><\/h3>                                    \n\t\t\t\t\t\t\t\t<p>Um isolamento exterior confere uma melhoria t\u00e9rmica significativa...<\/p>\n\t\t\t\t\t\t\t\t<div class=\"hover-links\"><a href=\"https:\/\/jorgefilipecosta.pt\/wp-content\/uploads\/2013\/01\/cappoto2.jpg\" class=\"titan-lb view-image\" title=\"Isolamento cappoto\"  data-titan-group=\"gallery\"><\/a><\/div><\/div><\/div><\/li>\n\t\t\t\t\t<li>\n\t\t\t\t\t\t<div class=\"work-item contentHover\">                                                            \n\t\t\t\t\t\t\t<div class=\"content\"> \n\t\t\t\t\t\t\t\t<div class=\"work-item-image\"><img loading=\"lazy\" decoding=\"async\" width=\"210\" height=\"150\" src=\"https:\/\/jorgefilipecosta.pt\/wp-content\/uploads\/2013\/01\/Interior1-210x150.jpg\" class=\"cover wp-post-image\" alt=\"\" srcset=\"https:\/\/jorgefilipecosta.pt\/wp-content\/uploads\/2013\/01\/Interior1-210x150.jpg 210w, https:\/\/jorgefilipecosta.pt\/wp-content\/uploads\/2013\/01\/Interior1-300x213.jpg 300w, https:\/\/jorgefilipecosta.pt\/wp-content\/uploads\/2013\/01\/Interior1-290x207.jpg 290w, https:\/\/jorgefilipecosta.pt\/wp-content\/uploads\/2013\/01\/Interior1-450x321.jpg 450w, https:\/\/jorgefilipecosta.pt\/wp-content\/uploads\/2013\/01\/Interior1.jpg 701w\" sizes=\"auto, (max-width: 210px) 100vw, 210px\" \/><\/div>\t\n\t\t\t\t\t\t\t\t<div class=\"work-item-content\"><h4><a href=\"https:\/\/jorgefilipecosta.pt\/?portfolio=sky-is-the-limit\">Pormenor Interior<\/a><\/h4><p>S\u00e3o nos pormenores que se v\u00ea a qualidade do trabalho...<\/p><\/div>            \n\t\t\t\t\t\t\t<\/div>\n\t\t\t\t\t\t\t<div class=\"hover-content\">\n\t\t\t\t\t\t\t\t<h3><a href=\"https:\/\/jorgefilipecosta.pt\/?portfolio=sky-is-the-limit\">Pormenor Interior<\/a><\/h3>                                    \n\t\t\t\t\t\t\t\t<p>S\u00e3o nos pormenores que se v\u00ea a qualidade do trabalho...<\/p>\n\t\t\t\t\t\t\t\t<div class=\"hover-links\"><a href=\"https:\/\/jorgefilipecosta.pt\/wp-content\/uploads\/2013\/01\/Interior1.jpg\" class=\"titan-lb view-image\" title=\"Pormenor Interior\"  data-titan-group=\"gallery\"><\/a><\/div><\/div><\/div><\/li>\n\t\t\t\t\t<li>\n\t\t\t\t\t\t<div class=\"work-item contentHover\">                                                            \n\t\t\t\t\t\t\t<div class=\"content\"> \n\t\t\t\t\t\t\t\t<div class=\"work-item-image\"><img loading=\"lazy\" decoding=\"async\" width=\"210\" height=\"150\" src=\"https:\/\/jorgefilipecosta.pt\/wp-content\/uploads\/2013\/01\/exterior2-210x150.jpg\" class=\"cover wp-post-image\" alt=\"\" srcset=\"https:\/\/jorgefilipecosta.pt\/wp-content\/uploads\/2013\/01\/exterior2-210x150.jpg 210w, https:\/\/jorgefilipecosta.pt\/wp-content\/uploads\/2013\/01\/exterior2-300x213.jpg 300w, https:\/\/jorgefilipecosta.pt\/wp-content\/uploads\/2013\/01\/exterior2-290x207.jpg 290w, https:\/\/jorgefilipecosta.pt\/wp-content\/uploads\/2013\/01\/exterior2-450x321.jpg 450w, https:\/\/jorgefilipecosta.pt\/wp-content\/uploads\/2013\/01\/exterior2.jpg 701w\" sizes=\"auto, (max-width: 210px) 100vw, 210px\" \/><\/div>\t\n\t\t\t\t\t\t\t\t<div class=\"work-item-content\"><h4><a href=\"https:\/\/jorgefilipecosta.pt\/?portfolio=surreal\">Exteriores<\/a><\/h4><p>It seems today that all you see is violence in...<\/p><\/div>            \n\t\t\t\t\t\t\t<\/div>\n\t\t\t\t\t\t\t<div class=\"hover-content\">\n\t\t\t\t\t\t\t\t<h3><a href=\"https:\/\/jorgefilipecosta.pt\/?portfolio=surreal\">Exteriores<\/a><\/h3>                                    \n\t\t\t\t\t\t\t\t<p>It seems today that all you see is violence in movies and...<\/p>\n\t\t\t\t\t\t\t\t<div class=\"hover-links\"><a href=\"https:\/\/jorgefilipecosta.pt\/wp-content\/uploads\/2013\/01\/exterior2.jpg\" class=\"titan-lb view-image\" title=\"Exteriores\"  data-titan-group=\"gallery\"><\/a><\/div><\/div><\/div><\/li><\/ul><div class=\"clearfix\"><\/div><\/div><\/div><\/div>\n<div class=\"row\"><div class=\"twelve columns\"><hr\/><\/div><\/div>\n<div class=\"row\">\n<div class=\"twelve columns\">\n<h3>Os Nossos Parceiros<\/h3>\n<ul class=\"clients_list\">\n<ul>\n<li class=\"three\"><a class=\"has-tipsy\" title=\"Site Templates and Themes\" href=\"#\"><img loading=\"lazy\" decoding=\"async\" class=\"alignnone size-medium wp-image-1823\" src=\"http:\/\/www.jorgefilipecosta.pt\/wp-content\/uploads\/2012\/12\/parceiros_1-300x154.jpg\" alt=\"parceiros_1\" width=\"300\" height=\"154\" srcset=\"https:\/\/jorgefilipecosta.pt\/wp-content\/uploads\/2012\/12\/parceiros_1-300x154.jpg 300w, https:\/\/jorgefilipecosta.pt\/wp-content\/uploads\/2012\/12\/parceiros_1-100x50.jpg 100w, https:\/\/jorgefilipecosta.pt\/wp-content\/uploads\/2012\/12\/parceiros_1.jpg 320w\" sizes=\"auto, (max-width: 300px) 100vw, 300px\" \/><\/a><\/li>\n<li class=\"three\"><a href=\"http:\/\/www.jorgefilipecosta.pt\/wp-content\/uploads\/2012\/12\/viero.png\"><img loading=\"lazy\" decoding=\"async\" class=\"alignnone size-medium wp-image-1825\" src=\"http:\/\/www.jorgefilipecosta.pt\/wp-content\/uploads\/2012\/12\/viero-300x154.png\" alt=\"viero\" width=\"300\" height=\"154\" srcset=\"https:\/\/jorgefilipecosta.pt\/wp-content\/uploads\/2012\/12\/viero-300x154.png 300w, https:\/\/jorgefilipecosta.pt\/wp-content\/uploads\/2012\/12\/viero-100x50.png 100w, https:\/\/jorgefilipecosta.pt\/wp-content\/uploads\/2012\/12\/viero.png 320w\" sizes=\"auto, (max-width: 300px) 100vw, 300px\" \/><\/a><\/li>\n<\/ul>\n<\/ul>\n<\/div>\n<\/div>\n","protected":false},"excerpt":{"rendered":"","protected":false},"author":2,"featured_media":0,"parent":0,"menu_order":0,"comment_status":"closed","ping_status":"closed","template":"homepage-template.php","meta":{"footnotes":""},"class_list":["post-1696","page","type-page","status-publish","hentry"],"_links":{"self":[{"href":"https:\/\/jorgefilipecosta.pt\/index.php?rest_route=\/wp\/v2\/pages\/1696","targetHints":{"allow":["GET"]}}],"collection":[{"href":"https:\/\/jorgefilipecosta.pt\/index.php?rest_route=\/wp\/v2\/pages"}],"about":[{"href":"https:\/\/jorgefilipecosta.pt\/index.php?rest_route=\/wp\/v2\/types\/page"}],"author":[{"embeddable":true,"href":"https:\/\/jorgefilipecosta.pt\/index.php?rest_route=\/wp\/v2\/users\/2"}],"replies":[{"embeddable":true,"href":"https:\/\/jorgefilipecosta.pt\/index.php?rest_route=%2Fwp%2Fv2%2Fcomments&post=1696"}],"version-history":[{"count":0,"href":"https:\/\/jorgefilipecosta.pt\/index.php?rest_route=\/wp\/v2\/pages\/1696\/revisions"}],"wp:attachment":[{"href":"https:\/\/jorgefilipecosta.pt\/index.php?rest_route=%2Fwp%2Fv2%2Fmedia&parent=1696"}],"curies":[{"name":"wp","href":"https:\/\/api.w.org\/{rel}","templated":true}]}}